{"id":26,"date":"2019-04-01T23:42:23","date_gmt":"2019-04-01T23:42:23","guid":{"rendered":"http:\/\/arquivoxinformatica.com.br\/loja\/?page_id=26"},"modified":"2019-04-02T04:57:45","modified_gmt":"2019-04-02T04:57:45","slug":"bem-vindo","status":"publish","type":"page","link":"https:\/\/arquivoxinformatica.com.br\/loja\/","title":{"rendered":""},"content":{"rendered":"<h1 style=\"text-align: center;\"><span style=\"color: #ff0000;\"><strong>Bem Vindo<\/strong><\/span><\/h1>\n<p><span style=\"color: #ff0000;\"><strong>P\u00e1gina do Arquivo X inform\u00e1tica<\/strong><\/span><\/p>\n<p><span style=\"color: #ff0000;\"><strong>Tudo que existe de melhor em tecnologia, voc\u00ea encontra aqui!!<\/strong><\/span><\/p>\n","protected":false},"excerpt":{"rendered":"<p>Bem Vindo P\u00e1gina do Arquivo X inform\u00e1tica Tudo que existe de melhor em tecnologia, voc\u00ea encontra aqui!!<\/p>\n","protected":false},"author":1,"featured_media":60,"parent":0,"menu_order":0,"comment_status":"closed","ping_status":"closed","template":"template-homepage.php","meta":{"jetpack_post_was_ever_published":false,"footnotes":""},"class_list":["post-26","page","type-page","status-publish","has-post-thumbnail","hentry"],"jetpack_sharing_enabled":true,"jetpack_shortlink":"https:\/\/wp.me\/PaRw1g-q","_links":{"self":[{"href":"https:\/\/arquivoxinformatica.com.br\/loja\/wp-json\/wp\/v2\/pages\/26","targetHints":{"allow":["GET"]}}],"collection":[{"href":"https:\/\/arquivoxinformatica.com.br\/loja\/wp-json\/wp\/v2\/pages"}],"about":[{"href":"https:\/\/arquivoxinformatica.com.br\/loja\/wp-json\/wp\/v2\/types\/page"}],"author":[{"embeddable":true,"href":"https:\/\/arquivoxinformatica.com.br\/loja\/wp-json\/wp\/v2\/users\/1"}],"replies":[{"embeddable":true,"href":"https:\/\/arquivoxinformatica.com.br\/loja\/wp-json\/wp\/v2\/comments?post=26"}],"version-history":[{"count":9,"href":"https:\/\/arquivoxinformatica.com.br\/loja\/wp-json\/wp\/v2\/pages\/26\/revisions"}],"predecessor-version":[{"id":368,"href":"https:\/\/arquivoxinformatica.com.br\/loja\/wp-json\/wp\/v2\/pages\/26\/revisions\/368"}],"wp:featuredmedia":[{"embeddable":true,"href":"https:\/\/arquivoxinformatica.com.br\/loja\/wp-json\/wp\/v2\/media\/60"}],"wp:attachment":[{"href":"https:\/\/arquivoxinformatica.com.br\/loja\/wp-json\/wp\/v2\/media?parent=26"}],"curies":[{"name":"wp","href":"https:\/\/api.w.org\/{rel}","templated":true}]}}